{"id":53,"date":"2018-01-15T14:16:46","date_gmt":"2018-01-15T14:16:46","guid":{"rendered":"https:\/\/www.huttenlocher-feldenkrais.de\/?page_id=53"},"modified":"2018-03-12T16:12:42","modified_gmt":"2018-03-12T16:12:42","slug":"feldenkrais","status":"publish","type":"page","link":"https:\/\/www.huttenlocher-feldenkrais.de\/?page_id=53","title":{"rendered":"Feldenkrais"},"content":{"rendered":"<p>geniale Bewegungen, die wohltun<\/p>\n<p>&nbsp;<\/p>\n<p><img loading=\"lazy\" decoding=\"async\" class=\"alignnone size-medium wp-image-30\" src=\"https:\/\/www.huttenlocher-feldenkrais.de\/wp-content\/uploads\/2018\/01\/LogoFVD-Wortbildmarke_10300-300x229.jpg\" alt=\"\" width=\"300\" height=\"229\" srcset=\"https:\/\/www.huttenlocher-feldenkrais.de\/wp-content\/uploads\/2018\/01\/LogoFVD-Wortbildmarke_10300-300x229.jpg 300w, https:\/\/www.huttenlocher-feldenkrais.de\/wp-content\/uploads\/2018\/01\/LogoFVD-Wortbildmarke_10300-768x586.jpg 768w, https:\/\/www.huttenlocher-feldenkrais.de\/wp-content\/uploads\/2018\/01\/LogoFVD-Wortbildmarke_10300-1024x782.jpg 1024w, https:\/\/www.huttenlocher-feldenkrais.de\/wp-content\/uploads\/2018\/01\/LogoFVD-Wortbildmarke_10300.jpg 1417w\" sizes=\"auto, (max-width: 300px) 100vw, 300px\" \/><\/p>\n<h1>Bewegung ist Leben.<br \/>\nLeben ist ein Prozess.<\/h1>\n<p>&nbsp;<\/p>\n<blockquote>\n<h2><span style=\"color: #008000;\">\u201eVerbessere die Qualit\u00e4t des Prozesses und du verbesserst die Qualit\u00e4t des Lebens selbst.\u201c<\/span><br \/>\n<span style=\"color: #008000;\"> \u00a0\u00a0\u00a0\u00a0\u00a0\u00a0\u00a0\u00a0\u00a0\u00a0\u00a0\u00a0\u00a0\u00a0\u00a0\u00a0\u00a0\u00a0\u00a0\u00a0\u00a0\u00a0\u00a0\u00a0\u00a0\u00a0\u00a0\u00a0\u00a0\u00a0 (Mosh\u00e9 Feldenkrais)<\/span><\/h2>\n<p>&nbsp;<\/p><\/blockquote>\n<p>Moshe Feldenkrais wurde 1904 in Ru\u00dfland geboren.<br \/>\nAls Jugendlicher emigrierte er nach Pal\u00e4stina. Er verdiente sich seinen Lebensunterhalt im Wiederaufbau als Bauarbeiter und Nachhilfelehrer.<\/p>\n<p>Er war begeisterter Sportler. 1928 ging er nach Paris, absolvierte ein Studium in Maschinenbau und Elektrotechnik; und erwarb den Doktortitel in Physik. Er arbeitete mit den Geschwistern Curie an der Atomforschung. Als Judolehrer gr\u00fcndete er eine Judoschule und erhielt als erster Europ\u00e4er 1936 den Schwarzen G\u00fcrtel. 1940 musste er nach England fliehen. Eine Knieverletzung verschlimmerte sich und er begann damit Zusammenh\u00e4nge zwischen Wahrnehmung \u2013 K\u00f6rperbewegung \u2013 Denken und F\u00fchlen zu studieren.<\/p>\n<p>So brachte er sich nach und nach bei, auf eine Weise, effizient und ohne Schmerzen zu gehen. Durch den Erfolg dieser Selbsterziehung f\u00fchrte er seine Erkenntnisse im Bekanntenkreis weiter und baute sie schlie\u00dflich zu einer Lernmethode aus. Mit seinen Bewegungsstudien stand er in engem Austausch mit Milton Erickson (Hypnotherapie). Der p\u00e4dagogische Ansatz steht in Verbindung mit denjenigen von Heinrich Jacoby, Elsa Gindler, Charlotte Selver.<br \/>\nEs war sein Bestreben, dass seine Methode f\u00fcr jedermann unabh\u00e4ngig von seiner Lebenssituation praktizierbar ist.<br \/>\nEr starb 1984 in Tel Aviv.<\/p>\n<blockquote><p><span style=\"color: #008000;\">\u201eMan kann lernen, sich anders zu bewegen, anders zu gehen, anders zu stehen; aber viele haben das aufgegeben, weil sie meinen, es sei jetzt zu sp\u00e4t, ihr Entwicklungsprozess sei abgeschlossen, sie k\u00f6nnten nichts Neues mehr erlernen, sie h\u00e4tten keine Zeit oder es fehlte ihnen die n\u00f6tige F\u00e4higkeit.\u201d<\/span><br \/>\n<span style=\"color: #008000;\"> (Mosh\u00e9 Feldenkrais,\u00a0Die Entdeckung des <\/span><span style=\"color: #008000;\">Selbstverst\u00e4ndlichen, Suhrkamp 1987)<\/span><\/p><\/blockquote>\n<h1>Die Feldenkraismethode<\/h1>\n<p>Bewusstheit durch Bewegung<br \/>\nSie eignet sich f\u00fcr alle, die offen sind f\u00fcr neue Erfahrungen in Beweglichkeit und ihre Entwicklungsf\u00e4higkeit entdecken wollen. Alter, Beruf, Vorkenntnisse oder k\u00f6rperliche Konstitution spielen keine Rolle.<\/p>\n<h4>Was sind Ihre Bewegungsgewohnheiten?<\/h4>\n<p>Durch eine einseitige und bewegungsarme Lebensweise entstehen verspannte Haltungsmuster, die den K\u00f6rper in seiner Bewegungsvielfalt einschr\u00e4nken. In den achtsam ausgef\u00fchrten Bewegungsabl\u00e4ufen von Feldenkrais erfahren Sie, wie Ihre Gewohnheiten sind und lernen wieder Variationen bestimmter Bewegungen kennen. Vielleicht ziehen Sie \u00f6fter die Schultern hoch oder bei\u00dfen die Z\u00e4hne zusammen, ohne dass es Ihnen bewusst ist.<br \/>\nAchtsamkeit ist der Schl\u00fcssel zur Verbesserung<br \/>\nIn die Bewegungsabl\u00e4ufe sind Momente der Achtsamkeit und Ruhe eingebaut, in denen das gerade Erfahrene integriert wird. Ziel ist es, die Beweglichkeit von K\u00f6rper, Seele und Geist zu erweitern und den individuellen Bewegungsspielraum wieder mit Freude auszuf\u00fchren. Bewegung ist ein einfacher und f\u00fcr alle zug\u00e4nglicher Weg, die eigenen Gewohnheiten zu entdecken und angenehmere Alternativen zu entwickeln.<\/p>\n<h2><span style=\"color: #008000;\">\u201eNur wenn wir wahrnehmen, was wir wirklich tun, k\u00f6nnen wir etwas ver\u00e4ndern&#8220;\u00a0\u00a0\u00a0\u00a0\u00a0\u00a0\u00a0\u00a0\u00a0\u00a0\u00a0\u00a0\u00a0 Mosh\u00e9 Feldenkrais<\/span><\/h2>\n<p>&nbsp;<\/p>\n<p>Es werden nicht \u201erichtige Bewegungen\u201c nachgeahmt, sondern das Nervensystem wird herausgefordert, auf spielerische Weise freiere Bewegungen zu finden. Diese k\u00f6nnen dann im Alltag genutzt werden und Sie k\u00f6nnen Ihrem inneren Potenzial entsprechend handeln.<br \/>\nDie \u00dcbungen werden meist im Liegen oder sitzend und frei von Anstrengungen ausgef\u00fchrt.<\/p>\n<h4>Gruppenarbeit<\/h4>\n<p>Bewusstheit durch Bewegung findet meist in der Gruppe statt.<br \/>\nDabei wird eine Bewegung auf leichte und spielerische Weise mit verschiedenen, ungewohnten Varianten erforscht.<br \/>\nDas gibt dem Nervensystem Gelegenheit, feine Unterschiede wahrzunehmen und im Ersp\u00fcren Alternativen zu erkennen und auszuprobieren.<br \/>\nD.h. es werden nicht \u201erichtige Bewegungen\u201c nachgeahmt, sondern das Nervensystem wird herausgefordert, auf spielerische Weise freiere Bewegungen zu finden. Diese k\u00f6nnen dann im Alltag genutzt werden und Sie k\u00f6nnen Ihrem inneren Potenzial entsprechend handeln.<\/p>\n<h4>Einzelarbeit<\/h4>\n<p>Die Einzelarbeit ist individuell auf die Bed\u00fcrfnisse des Klienten ausgerichtet. \u00dcber Ber\u00fchrung und \u201eBewegt-Werden\u201c durch die Feldenkraisp\u00e4dagogin entsteht eine Art Gespr\u00e4ch ohne Worte.<br \/>\nDas passive \u201eBewegt-Werden\u201c er\u00f6ffnet oft einen direkteren und schnelleren Zugang zu neuen Bewegungsmustern, die im aktiven Bewegen leicht verborgen bleiben.<\/p>\n<h4>Entdecken Sie mit der Feldenkrais-Methode neue Bewegungsspielr\u00e4ume<\/h4>\n<p>Neugierig geworden? Dann melden Sie sich gerne zur Terminabsprache f\u00fcr eine Probestunde.<\/p>\n<p>Alle Kurstermine finden sie unter: <a href=\"https:\/\/www.huttenlocher-feldenkrais.de\/?page_id=65\"><span style=\"color: #008000;\">Feldenkrais-Termine<\/span><\/a><\/p>\n<p>Falls Sie weitere Fragen haben, k\u00f6nnen Sie mich auch gerne direkt kontaktieren: <a href=\"https:\/\/www.huttenlocher-feldenkrais.de\/?page_id=9\"><span style=\"color: #008000;\">Birgit Huttenloch<\/span>er<\/a><\/p>\n<p>&nbsp;<\/p>\n","protected":false},"excerpt":{"rendered":"<p>geniale Bewegungen, die wohltun &nbsp; Bewegung ist Leben. Leben ist ein Prozess. &nbsp; \u201eVerbessere die Qualit\u00e4t des Prozesses und du verbesserst die Qualit\u00e4t des Lebens selbst.\u201c \u00a0\u00a0\u00a0\u00a0\u00a0\u00a0\u00a0\u00a0\u00a0\u00a0\u00a0\u00a0\u00a0\u00a0\u00a0\u00a0\u00a0\u00a0\u00a0\u00a0\u00a0\u00a0\u00a0\u00a0\u00a0\u00a0\u00a0\u00a0\u00a0\u00a0 (Mosh\u00e9 Feldenkrais) &nbsp; Moshe Feldenkrais wurde 1904 in Ru\u00dfland geboren. Als Jugendlicher emigrierte er nach Pal\u00e4stina. Er verdiente sich seinen Lebensunterhalt im Wiederaufbau als Bauarbeiter und Nachhilfelehrer. Er &hellip; <\/p>\n<p class=\"link-more\"><a href=\"https:\/\/www.huttenlocher-feldenkrais.de\/?page_id=53\" class=\"more-link\"><span class=\"screen-reader-text\">\u201eFeldenkrais\u201c <\/span>weiterlesen<\/a><\/p>\n","protected":false},"author":1,"featured_media":0,"parent":0,"menu_order":0,"comment_status":"closed","ping_status":"closed","template":"","meta":{"footnotes":""},"class_list":["post-53","page","type-page","status-publish","hentry"],"_links":{"self":[{"href":"https:\/\/www.huttenlocher-feldenkrais.de\/index.php?rest_route=\/wp\/v2\/pages\/53","targetHints":{"allow":["GET"]}}],"collection":[{"href":"https:\/\/www.huttenlocher-feldenkrais.de\/index.php?rest_route=\/wp\/v2\/pages"}],"about":[{"href":"https:\/\/www.huttenlocher-feldenkrais.de\/index.php?rest_route=\/wp\/v2\/types\/page"}],"author":[{"embeddable":true,"href":"https:\/\/www.huttenlocher-feldenkrais.de\/index.php?rest_route=\/wp\/v2\/users\/1"}],"replies":[{"embeddable":true,"href":"https:\/\/www.huttenlocher-feldenkrais.de\/index.php?rest_route=%2Fwp%2Fv2%2Fcomments&post=53"}],"version-history":[{"count":24,"href":"https:\/\/www.huttenlocher-feldenkrais.de\/index.php?rest_route=\/wp\/v2\/pages\/53\/revisions"}],"predecessor-version":[{"id":157,"href":"https:\/\/www.huttenlocher-feldenkrais.de\/index.php?rest_route=\/wp\/v2\/pages\/53\/revisions\/157"}],"wp:attachment":[{"href":"https:\/\/www.huttenlocher-feldenkrais.de\/index.php?rest_route=%2Fwp%2Fv2%2Fmedia&parent=53"}],"curies":[{"name":"wp","href":"https:\/\/api.w.org\/{rel}","templated":true}]}}