{"id":7,"date":"2018-01-15T11:37:02","date_gmt":"2018-01-15T11:37:02","guid":{"rendered":"https:\/\/www.huttenlocher-feldenkrais.de\/?page_id=7"},"modified":"2018-02-14T18:01:50","modified_gmt":"2018-02-14T18:01:50","slug":"startseite","status":"publish","type":"page","link":"https:\/\/www.huttenlocher-feldenkrais.de\/","title":{"rendered":"Startseite"},"content":{"rendered":"<h1>Herzlich Willkommen auf meiner Webseite<\/h1>\n<p><img loading=\"lazy\" decoding=\"async\" class=\"alignnone size-full wp-image-28\" src=\"https:\/\/www.huttenlocher-feldenkrais.de\/wp-content\/uploads\/2018\/01\/Birgit.png\" alt=\"\" width=\"105\" height=\"129\" \/><\/p>\n<p>Hier finden Sie Informationen zu meiner Arbeit.<\/p>\n<p>Meine Arbeitsbereiche umfassen Feldenkrais, Handauflegen und unser neues Betreuungskonzept Tandem.<\/p>\n<p>Sie d\u00fcrfen mich gerne kontaktieren.<\/p>\n<p>Im pers\u00f6nlichen Gespr\u00e4ch<br \/>\nfinden wir heraus was Sie ben\u00f6tigen.<\/p>\n<p>Ihre<\/p>\n<p><img loading=\"lazy\" decoding=\"async\" class=\"alignnone size-medium wp-image-122\" src=\"https:\/\/www.huttenlocher-feldenkrais.de\/wp-content\/uploads\/2018\/02\/Birgit_Unterschrift-300x91.png\" alt=\"\" width=\"300\" height=\"91\" srcset=\"https:\/\/www.huttenlocher-feldenkrais.de\/wp-content\/uploads\/2018\/02\/Birgit_Unterschrift-300x91.png 300w, https:\/\/www.huttenlocher-feldenkrais.de\/wp-content\/uploads\/2018\/02\/Birgit_Unterschrift-768x233.png 768w, https:\/\/www.huttenlocher-feldenkrais.de\/wp-content\/uploads\/2018\/02\/Birgit_Unterschrift-1024x310.png 1024w, https:\/\/www.huttenlocher-feldenkrais.de\/wp-content\/uploads\/2018\/02\/Birgit_Unterschrift.png 1172w\" sizes=\"auto, (max-width: 300px) 100vw, 300px\" \/><\/p>\n","protected":false},"excerpt":{"rendered":"<p>Herzlich Willkommen auf meiner Webseite Hier finden Sie Informationen zu meiner Arbeit. Meine Arbeitsbereiche umfassen Feldenkrais, Handauflegen und unser neues Betreuungskonzept Tandem. Sie d\u00fcrfen mich gerne kontaktieren. Im pers\u00f6nlichen Gespr\u00e4ch finden wir heraus was Sie ben\u00f6tigen. Ihre<\/p>\n","protected":false},"author":1,"featured_media":0,"parent":0,"menu_order":0,"comment_status":"closed","ping_status":"closed","template":"","meta":{"footnotes":""},"class_list":["post-7","page","type-page","status-publish","hentry"],"_links":{"self":[{"href":"https:\/\/www.huttenlocher-feldenkrais.de\/index.php?rest_route=\/wp\/v2\/pages\/7","targetHints":{"allow":["GET"]}}],"collection":[{"href":"https:\/\/www.huttenlocher-feldenkrais.de\/index.php?rest_route=\/wp\/v2\/pages"}],"about":[{"href":"https:\/\/www.huttenlocher-feldenkrais.de\/index.php?rest_route=\/wp\/v2\/types\/page"}],"author":[{"embeddable":true,"href":"https:\/\/www.huttenlocher-feldenkrais.de\/index.php?rest_route=\/wp\/v2\/users\/1"}],"replies":[{"embeddable":true,"href":"https:\/\/www.huttenlocher-feldenkrais.de\/index.php?rest_route=%2Fwp%2Fv2%2Fcomments&post=7"}],"version-history":[{"count":13,"href":"https:\/\/www.huttenlocher-feldenkrais.de\/index.php?rest_route=\/wp\/v2\/pages\/7\/revisions"}],"predecessor-version":[{"id":145,"href":"https:\/\/www.huttenlocher-feldenkrais.de\/index.php?rest_route=\/wp\/v2\/pages\/7\/revisions\/145"}],"wp:attachment":[{"href":"https:\/\/www.huttenlocher-feldenkrais.de\/index.php?rest_route=%2Fwp%2Fv2%2Fmedia&parent=7"}],"curies":[{"name":"wp","href":"https:\/\/api.w.org\/{rel}","templated":true}]}}